{"id":1340,"date":"2022-01-22T13:13:48","date_gmt":"2022-01-22T19:13:48","guid":{"rendered":"http:\/\/localhost\/sismos2\/?page_id=1340"},"modified":"2023-09-07T16:42:55","modified_gmt":"2023-09-07T22:42:55","slug":"tesis","status":"publish","type":"page","link":"https:\/\/sismos.convocatoriaprone.mx\/?page_id=1340","title":{"rendered":"Tesis"},"content":{"rendered":"<div data-colibri-id=\"1340-c1\" class=\"style-1062 style-local-1340-c1 position-relative\">\n  <!---->\n  <div data-colibri-component=\"section\" data-colibri-id=\"1340-c2\" id=\"custom\" class=\"h-section h-section-global-spacing d-flex align-items-lg-center align-items-md-center align-items-center style-1063 style-local-1340-c2 position-relative\">\n    <!---->\n    <!---->\n    <div class=\"h-section-grid-container h-section-boxed-container\">\n      <!---->\n      <div data-colibri-id=\"1340-c6\" class=\"h-row-container gutters-row-lg-2 gutters-row-md-2 gutters-row-0 gutters-row-v-lg-2 gutters-row-v-md-2 gutters-row-v-2 style-1365 style-local-1340-c6 position-relative\">\n        <!---->\n        <div class=\"h-row justify-content-lg-center justify-content-md-center justify-content-center align-items-lg-stretch align-items-md-stretch align-items-stretch gutters-col-lg-2 gutters-col-md-2 gutters-col-0 gutters-col-v-lg-2 gutters-col-v-md-2 gutters-col-v-2\">\n          <!---->\n          <div class=\"h-column h-column-container d-flex h-col-lg-auto h-col-md-auto h-col-auto style-1366-outer style-local-1340-c7-outer\">\n            <div data-colibri-id=\"1340-c7\" class=\"d-flex h-flex-basis h-column__inner h-px-lg-2 h-px-md-2 h-px-2 v-inner-lg-2 v-inner-md-2 v-inner-2 style-1366 style-local-1340-c7 position-relative\">\n              <!---->\n              <!---->\n              <div class=\"w-100 h-y-container h-column__content h-column__v-align flex-basis-100 align-self-lg-start align-self-md-start align-self-start\">\n                <!---->\n                <div data-colibri-id=\"1340-c8\" class=\"h-text h-text-component style-1367 style-local-1340-c8 position-relative h-element\">\n                  <!---->\n                  <!---->\n                  <div class=\"\">\n                    <p><span style=\"font-weight: 600; font-size: 17px; font-family: Montserrat; color: rgb(255, 255, 255);\">En este apartado encontrar\u00e1s 260 registros con las localidades m\u00e1s afectadas por los sismos en 11 estados de la rep\u00fablica, como son CDMX, Chiapas, Estado de M\u00e9xico, Guerrero, Hidalgo, Morelos, Oaxaca, Puebla, Tabasco, Tlaxcala y Veracruz.<\/span><\/p>\n                  <\/div>\n                <\/div>\n              <\/div>\n            <\/div>\n          <\/div>\n        <\/div>\n      <\/div>\n      <div data-colibri-id=\"1340-c3\" class=\"h-row-container gutters-row-lg-2 gutters-row-md-2 gutters-row-0 gutters-row-v-lg-2 gutters-row-v-md-2 gutters-row-v-2 style-1064 style-local-1340-c3 position-relative\">\n        <!---->\n        <div class=\"h-row justify-content-lg-center justify-content-md-center justify-content-center align-items-lg-stretch align-items-md-stretch align-items-stretch gutters-col-lg-2 gutters-col-md-2 gutters-col-0 gutters-col-v-lg-2 gutters-col-v-md-2 gutters-col-v-2\">\n          <!---->\n          <div class=\"h-column h-column-container d-flex h-col-lg-auto h-col-md-auto h-col-auto style-1065-outer style-local-1340-c4-outer\">\n            <div data-colibri-id=\"1340-c4\" class=\"d-flex h-flex-basis h-column__inner h-px-lg-2 h-px-md-2 h-px-2 v-inner-lg-2 v-inner-md-2 v-inner-2 style-1065 style-local-1340-c4 position-relative\">\n              <!---->\n              <!---->\n              <div class=\"w-100 h-y-container h-column__content h-column__v-align flex-basis-100 align-self-lg-start align-self-md-start align-self-start\">\n                <!---->\n                <div data-colibri-id=\"1340-c5\" class=\"style-1066 style-local-1340-c5 position-relative h-element\">\n                  <!---->\n                  <div class=\"\">[table id=14 responsive=collapse responsive_breakpoint=&#8221;all&#8221; automatic_url_conversion=true automatic_url_conversion_new_window=true\/]<\/div>\n                <\/div>\n              <\/div>\n            <\/div>\n          <\/div>\n        <\/div>\n      <\/div>\n    <\/div>\n  <\/div>\n<\/div>","protected":false},"excerpt":{"rendered":"<p>En este apartado encontrar\u00e1s 260 registros con las localidades m\u00e1s afectadas por los sismos en 11 estados de la rep\u00fablica, como son CDMX, Chiapas, Estado de M\u00e9xico, Guerrero, Hidalgo, Morelos, Oaxaca, Puebla, Tabasco, Tlaxcala y Veracruz. [table id=14 responsive=collapse responsive_breakpoint=&#8221;all&#8221; automatic_url_conversion=true automatic_url_conversion_new_window=true\/]<\/p>\n","protected":false},"author":1,"featured_media":0,"parent":0,"menu_order":0,"comment_status":"closed","ping_status":"closed","template":"page-templates\/full-width-page.php","meta":{"footnotes":""},"class_list":["post-1340","page","type-page","status-publish","hentry"],"_links":{"self":[{"href":"https:\/\/sismos.convocatoriaprone.mx\/index.php?rest_route=\/wp\/v2\/pages\/1340","targetHints":{"allow":["GET"]}}],"collection":[{"href":"https:\/\/sismos.convocatoriaprone.mx\/index.php?rest_route=\/wp\/v2\/pages"}],"about":[{"href":"https:\/\/sismos.convocatoriaprone.mx\/index.php?rest_route=\/wp\/v2\/types\/page"}],"author":[{"embeddable":true,"href":"https:\/\/sismos.convocatoriaprone.mx\/index.php?rest_route=\/wp\/v2\/users\/1"}],"replies":[{"embeddable":true,"href":"https:\/\/sismos.convocatoriaprone.mx\/index.php?rest_route=%2Fwp%2Fv2%2Fcomments&post=1340"}],"version-history":[{"count":5,"href":"https:\/\/sismos.convocatoriaprone.mx\/index.php?rest_route=\/wp\/v2\/pages\/1340\/revisions"}],"predecessor-version":[{"id":3407,"href":"https:\/\/sismos.convocatoriaprone.mx\/index.php?rest_route=\/wp\/v2\/pages\/1340\/revisions\/3407"}],"wp:attachment":[{"href":"https:\/\/sismos.convocatoriaprone.mx\/index.php?rest_route=%2Fwp%2Fv2%2Fmedia&parent=1340"}],"curies":[{"name":"wp","href":"https:\/\/api.w.org\/{rel}","templated":true}]}}