{"id":1327,"date":"2022-01-22T13:13:47","date_gmt":"2022-01-22T19:13:47","guid":{"rendered":"http:\/\/localhost\/sismos2\/?page_id=1327"},"modified":"2024-12-20T13:22:02","modified_gmt":"2024-12-20T19:22:02","slug":"introduccion","status":"publish","type":"page","link":"https:\/\/sismos.convocatoriaprone.mx\/?page_id=1327","title":{"rendered":"Introducci\u00f3n"},"content":{"rendered":"<div data-colibri-id=\"1327-c1\" class=\"style-1220 style-local-1327-c1 position-relative\">\n  <!---->\n  <div data-colibri-component=\"section\" data-colibri-id=\"1327-c2\" id=\"custom\" class=\"h-section h-section-global-spacing d-flex align-items-lg-center align-items-md-center align-items-center style-1221 style-local-1327-c2 position-relative\">\n    <!---->\n    <div class=\"h-separator\" style=\"height: 100px; top: calc(0px);\">\n      <svg style=\"fill:rgb(68, 33, 170);\" xmlns=\"http:\/\/www.w3.org\/2000\/svg\" viewBox=\"0 0 2600 130.1\" preserveAspectRatio=\"none\">\n        <polygon points=\"0 130.1 2600 69.1 0 69.1 0 130.1\" opacity=\"0.33\" style=\"isolation:isolate\"><\/polygon>\n        <polygon points=\"0 69.1 2600 69.1 0 0 0 69.1\" opacity=\"0.67\" style=\"isolation:isolate\"><\/polygon>\n        <polygon points=\"0 0 2600 69.1 2600 0 0 0\" style=\"isolation:isolate\"><\/polygon>\n      <\/svg>\n    <\/div>\n    <div class=\"h-separator\" style=\"height: 100px; bottom: calc(0px);\">\n      <svg style=\"fill:rgb(68, 33, 170);transform:rotateX(180deg);\" xmlns=\"http:\/\/www.w3.org\/2000\/svg\" viewBox=\"0 0 2600 130.1\" preserveAspectRatio=\"none\">\n        <polygon points=\"0 130.1 2600 69.1 0 69.1 0 130.1\" opacity=\"0.33\" style=\"isolation:isolate\"><\/polygon>\n        <polygon points=\"0 69.1 2600 69.1 0 0 0 69.1\" opacity=\"0.67\" style=\"isolation:isolate\"><\/polygon>\n        <polygon points=\"0 0 2600 69.1 2600 0 0 0\" style=\"isolation:isolate\"><\/polygon>\n      <\/svg>\n    <\/div>\n    <div class=\"h-section-grid-container h-section-boxed-container\">\n      <!---->\n      <div data-colibri-id=\"1327-c3\" class=\"h-row-container gutters-row-lg-2 gutters-row-md-2 gutters-row-0 gutters-row-v-lg-2 gutters-row-v-md-2 gutters-row-v-2 style-1224 style-local-1327-c3 position-relative\">\n        <!---->\n        <div class=\"h-row justify-content-lg-center justify-content-md-center justify-content-center align-items-lg-stretch align-items-md-stretch align-items-stretch gutters-col-lg-2 gutters-col-md-2 gutters-col-0 gutters-col-v-lg-2 gutters-col-v-md-2 gutters-col-v-2\">\n          <!---->\n          <div class=\"h-column h-column-container d-flex h-col-lg-auto h-col-md-auto h-col-auto style-1225-outer style-local-1327-c4-outer\">\n            <div data-colibri-id=\"1327-c4\" class=\"d-flex h-flex-basis h-column__inner h-px-lg-2 h-px-md-2 h-px-2 v-inner-lg-2 v-inner-md-2 v-inner-2 style-1225 style-local-1327-c4 position-relative\">\n              <!---->\n              <!---->\n              <div class=\"w-100 h-y-container h-column__content h-column__v-align flex-basis-100 align-self-lg-start align-self-md-start align-self-start\">\n                <!---->\n                <div data-colibri-id=\"1327-c5\" data-aos=\"zoomIn\" class=\"h-lead h-text h-text-component style-1226 style-local-1327-c5 position-relative h-element\">\n                  <!---->\n                  <!---->\n                  <div class=\"\">\n                    <p><strong style=\"font-size: 14pt; font-family: &quot;Montserrat ExtraBold&quot;;\">Coordinaci\u00f3n Nacional de Antropolog\u00eda<\/strong><\/p>\n                    <p><strong style=\"font-size: 14pt; font-family: &quot;Montserrat ExtraBold&quot;;\">Direcci\u00f3n de Fomento a la Investigaci\u00f3n<\/strong><\/p>\n                    <p><strong style=\"font-size: 14pt; font-family: &quot;Montserrat ExtraBold&quot;;\">Proyecto CONACYT A1-S-54105<\/strong><\/p>\n                    <p><strong style=\"font-size: 14pt; font-family: &quot;Montserrat ExtraBold&quot;;\"><em>Sismos: amenazas naturales &#8211; desastres sociales. Una (re)visi\u00f3n desde la antropolog\u00eda y la historia. El caso de Morelos, Puebla, Tlaxcala, Ciudad de M\u00e9xico y Oaxaca<\/em><\/strong><\/p>\n                    <p><strong style=\"font-size: 12pt; font-family: &quot;Montserrat ExtraBold&quot;;\">Antecedentes<\/strong><\/p>\n                    <p><span style=\"font-size: 12pt; font-family: &quot;Montserrat Medium&quot;;\">En 2017 sucedieron dos sismos que sacudieron al sur y centro del pa\u00eds. El primero el 7 de septiembre con epicentro en Pijijiapan, Chiapas, de 8.2 grados en escala de Richter y el segundo el 19 de septiembre, de 7.1 grados con epicentro en Chiautla de Tapia, Puebla. Aunque el sur y centro de M\u00e9xico tienen constantemente temblores, \u00e9stos por su magnitud tuvieron consecuencias devastadoras y el segundo, fue m\u00e1s inesperado pues la zona no se consideraba zona de epicentros. En el centro como en el sur del pa\u00eds se requiri\u00f3 y se requiere a\u00fan, un gran esfuerzo de las instancias de gobierno y de la sociedad para superar sus secuelas.<\/span><\/p>\n                    <p><span style=\"font-size: 12pt; font-family: &quot;Montserrat Medium&quot;;\">El INAH intervino para atender su responsabilidad y tareas que le competen. Muchos investigadores (restauradores\/as, arque\u00f3logos\/as, conservadores\/as) se movilizaron para atender el patrimonio material. Por su parte, la CNAN coordin\u00f3 la realizaci\u00f3n de brigadas antropol\u00f3gicas como respuesta a la emergencia y posteriormente, en 2018 gener\u00f3 el proyecto <\/span>\n                      <em\n                        style=\"font-size: 12pt; font-family: &quot;Montserrat Medium&quot;;\">El quehacer del INAH frente a los desastres socioambientales<\/em><span style=\"font-size: 12pt; font-family: &quot;Montserrat Medium&quot;;\">, en el que una serie de investigadores reflexionaron sobre las consecuencias de estos movimientos tel\u00faricos en m\u00faltiples esferas sociales de las localidades afectadas en los distintos estados.<\/span><\/p>\n                    <p><span style=\"font-size: 12pt; font-family: &quot;Montserrat Medium&quot;;\">Para darle continuidad a este proceso reflexivo, en octubre de 2019 la CNAN organiz\u00f3, el Encuentro <\/span><em style=\"font-size: 12pt; font-family: &quot;Montserrat Medium&quot;;\">A dos a\u00f1os de que la tierra tembl\u00f3. La organizaci\u00f3n social y el quehacer del INAH en los sismos de 2017, <\/em>\n                      <span\n                        style=\"font-size: 12pt; font-family: &quot;Montserrat Medium&quot;;\">en el que se escucharon las voces de los pobladores de las comunidades afectadas acerca de los da\u00f1os acaecidos y la atenci\u00f3n recibida por parte del INAH.<\/span>\n                    <\/p>\n                    <p><span style=\"font-size: 12pt; font-family: &quot;Montserrat Medium&quot;;\">Paralelamente, en el Centro INAH Morelos, la Dra. Isabel Campos Goenaga impuls\u00f3 la generaci\u00f3n del proyecto <\/span><em style=\"font-size: 12pt; font-family: &quot;Montserrat Medium&quot;;\">Sismos: amenazas naturales &#8211; desastres sociales. Una (re)visi\u00f3n desde la antropolog\u00eda y la historia. El caso de Morelos, Puebla y Tlaxcala<\/em>\n                      <span\n                        style=\"font-size: 12pt; font-family: &quot;Montserrat Medium&quot;;\"> financiado por CONACyT. En 2019, la CNAN recibi\u00f3 de parte de la Secretar\u00eda T\u00e9cnica la responsabilidad de darle continuidad, y se le sumaron los estados de Oaxaca y Ciudad de M\u00e9xico. Este proyecto est\u00e1 planteado en tres etapas. La\n                        primera, de abril de 2020 a marzo de 2021; la segunda inici\u00f3 en abril de 2021 y culminar\u00e1 en marzo de 2022 y la tercera corresponde al periodo de abril de 2022 a marzo de 2023. En cada etapa hay productos y actividades algunos\n                        de ellos con continuidad hasta la tercera etapa y otros se entregan al t\u00e9rmino de cada etapa.<\/span>\n                    <\/p>\n                    <p><strong style=\"font-size: 12pt; font-family: &quot;Montserrat ExtraBold&quot;;\">Objetivo general<\/strong><\/p>\n                    <p><span style=\"font-size: 12pt; font-family: &quot;Montserrat Medium&quot;;\">Analizar el impacto de los sismos de 2017 principalmente en los actuales estados de Morelos, Puebla, Tlaxcala, as\u00ed como en la Ciudad de M\u00e9xico y Oaxaca (posteriormente se adhirieron otros estados como: Chiapas, Estado de M\u00e9xico y Guerrero) desde una perspectiva antropol\u00f3gica, <\/span>\n                      <span\n                        style=\"font-size: 12pt; font-family: &quot;Montserrat Medium&quot;; color: black;\">que permita mostrar sus consecuencias<\/span><span style=\"font-size: 12pt; font-family: &quot;Montserrat Medium&quot;;\"> en las sociedades y culturas que los padecen, en los significados del patrimonio cultural da\u00f1ado, las pr\u00e1cticas culturales y las estrategias adaptativas que se han implementado en colectividades espec\u00edficas, as\u00ed como <\/span>\n                        <span\n                          style=\"font-size: 12pt; font-family: &quot;Montserrat Medium&quot;; color: black;\">el impacto de los sismos <\/span><span style=\"font-size: 12pt; font-family: &quot;Montserrat Medium&quot;;\">en los procesos de construcci\u00f3n o desarticulaci\u00f3n de la colectividad.<\/span><\/p>\n                    <p><strong style=\"font-size: 12pt; font-family: &quot;Montserrat ExtraBold&quot;;\">Objetivos espec\u00edficos<\/strong><\/p>\n                    <p><span style=\"font-size: 12pt; font-family: &quot;Montserrat Medium&quot;;\">1.&nbsp;&nbsp;&nbsp;&nbsp;&nbsp;&nbsp;Investigar los cambios originados por los sismos de 2017 en la organizaci\u00f3n, ritualidad y tejido colectivo de los pueblos y comunidades <\/span><\/p>\n                    <p><span style=\"font-size: 12pt; font-family: &quot;Montserrat Medium&quot;;\">2.&nbsp;&nbsp;&nbsp;&nbsp;&nbsp;Analizar las estrategias de organizaci\u00f3n, resiliencia y participaci\u00f3n que las poblaciones afectadas pusieron en marcha tras los sismos de 2017 y posteriores <\/span><\/p>\n                    <p><span style=\"font-size: 12pt; font-family: &quot;Montserrat Medium&quot;;\">3.&nbsp;&nbsp;&nbsp;&nbsp;&nbsp;Indagar los significados del patrimonio cultural en los contextos de afectaci\u00f3n por los sismos de 2017 <\/span><\/p>\n                    <p><span style=\"font-size: 12pt; font-family: &quot;Montserrat Medium&quot;;\">4.&nbsp;&nbsp;&nbsp;&nbsp;Registrar los cambios y las adaptaciones de las poblaciones en torno a su patrimonio cultural afectado por los sismos de 2017 <\/span><\/p>\n                    <p><span style=\"font-size: 12pt; font-family: &quot;Montserrat Medium&quot;;\">5.&nbsp;&nbsp;&nbsp;&nbsp;&nbsp;Investigar c\u00f3mo se organizaron los pueblos y comunidades para rescatar y proteger el patrimonio da\u00f1ado<\/span><\/p>\n                    <p><span style=\"font-size: 12pt; font-family: &quot;Montserrat Medium&quot;;\">6.&nbsp;&nbsp;&nbsp;&nbsp;&nbsp;Conocer qu\u00e9 gestiones realizaron y qu\u00e9 respuestas recibieron las comunidades para enfrentar las afectaciones originadas por los sismos<\/span><\/p>\n                    <p><span style=\"font-size: 12pt; font-family: &quot;Montserrat Medium&quot;;\">7.&nbsp;&nbsp;&nbsp;&nbsp;&nbsp;Averiguar qu\u00e9 imagen tienen de s\u00ed mismas las comunidades a tres a\u00f1os de que acontecieron los sismos&nbsp;<\/span><\/p>\n                    <p><strong style=\"font-size: 12pt; font-family: &quot;Montserrat Medium&quot;;\">Coordinaci\u00f3n. Coordinaci\u00f3n Nacional de Antropolog\u00eda <\/strong><\/p>\n                    <p><strong style=\"font-size: 12pt; font-family: &quot;Montserrat Medium&quot;;\">\u00c1rea. Direcci\u00f3n de Fomento a la Investigaci\u00f3n <\/strong><\/p>\n                    <p><strong style=\"font-size: 12pt; font-family: &quot;Montserrat Medium&quot;;\">Correo de atenci\u00f3n: <\/strong>\n                      <a href=\"mailto:proyectosismos.cnan.inah@inah.gob.mx\" style=\"font-size: 12pt; font-family: &quot;Montserrat Medium&quot;; color: rgb(204, 0, 0);\"><strong>proyectosismos.cnan.inah@inah.gob.mx<\/strong><\/a>\n                    <\/p>\n                  <\/div>\n                <\/div>\n              <\/div>\n            <\/div>\n          <\/div>\n        <\/div>\n      <\/div>\n    <\/div>\n  <\/div>\n<\/div>","protected":false},"excerpt":{"rendered":"<p>Coordinaci\u00f3n Nacional de Antropolog\u00eda Direcci\u00f3n de Fomento a la Investigaci\u00f3n Proyecto CONACYT A1-S-54105 Sismos: amenazas naturales &#8211; desastres sociales. Una (re)visi\u00f3n desde la antropolog\u00eda y la historia. El caso de Morelos, Puebla, Tlaxcala, Ciudad de M\u00e9xico y Oaxaca Antecedentes En 2017 sucedieron dos sismos que sacudieron al sur y centro del pa\u00eds. El primero el [&hellip;]<\/p>\n","protected":false},"author":1,"featured_media":0,"parent":0,"menu_order":0,"comment_status":"closed","ping_status":"closed","template":"page-templates\/full-width-page.php","meta":{"footnotes":""},"class_list":["post-1327","page","type-page","status-publish","hentry"],"_links":{"self":[{"href":"https:\/\/sismos.convocatoriaprone.mx\/index.php?rest_route=\/wp\/v2\/pages\/1327","targetHints":{"allow":["GET"]}}],"collection":[{"href":"https:\/\/sismos.convocatoriaprone.mx\/index.php?rest_route=\/wp\/v2\/pages"}],"about":[{"href":"https:\/\/sismos.convocatoriaprone.mx\/index.php?rest_route=\/wp\/v2\/types\/page"}],"author":[{"embeddable":true,"href":"https:\/\/sismos.convocatoriaprone.mx\/index.php?rest_route=\/wp\/v2\/users\/1"}],"replies":[{"embeddable":true,"href":"https:\/\/sismos.convocatoriaprone.mx\/index.php?rest_route=%2Fwp%2Fv2%2Fcomments&post=1327"}],"version-history":[{"count":3,"href":"https:\/\/sismos.convocatoriaprone.mx\/index.php?rest_route=\/wp\/v2\/pages\/1327\/revisions"}],"predecessor-version":[{"id":4108,"href":"https:\/\/sismos.convocatoriaprone.mx\/index.php?rest_route=\/wp\/v2\/pages\/1327\/revisions\/4108"}],"wp:attachment":[{"href":"https:\/\/sismos.convocatoriaprone.mx\/index.php?rest_route=%2Fwp%2Fv2%2Fmedia&parent=1327"}],"curies":[{"name":"wp","href":"https:\/\/api.w.org\/{rel}","templated":true}]}}